{"id":76,"date":"2025-08-22T13:27:01","date_gmt":"2025-08-22T13:27:01","guid":{"rendered":"https:\/\/thumbnailfactory.net\/?page_id=76"},"modified":"2025-08-22T14:42:06","modified_gmt":"2025-08-22T14:42:06","slug":"formulaire-miniature","status":"publish","type":"page","link":"https:\/\/thumbnailfactory.net\/en\/formulaire-miniature\/","title":{"rendered":"Formulaire de cr\u00e9ation de miniature"},"content":{"rendered":"<section class=\"sec-hero l-large\" >\n    <div class=\"ellipse\"><\/div>\n        <div class=\"container\">\n        <div class=\"hero-content\">\n            <div class=\"heading\">\n                                <h1>Cr\u00e9ons ta miniature<\/h1>\n            <\/div>\n            <div class=\"introduction\"><p>Pense \u00e0 <a href=\"\/#pricing\">souscrire d\u2019abord \u00e0 l\u2019une de nos offres<\/a>. Si tu es d\u00e9j\u00e0 inscrit, remplis le champ e-mail avec l\u2019adresse utilis\u00e9e lors de ta souscription.<\/p>\n<\/div>\n                                            <\/div>\n        <\/div>\n    <\/div>\n<\/section>\n\n\n\n\n\n<section class=\"sec-text l-small\" >\n    <div class=\"container\">\n        <div class=\"content\">\n                        \n                        \n            <iframe title=\"Thumbnail Factory Form\" width=\"100%\" height=\"623\" frameborder=\"0\" marginwidth=\"0\" marginheight=\"0\" data-tally-src=\"https:\/\/tally.so\/embed\/mVeW9N?hideTitle=1&amp;dynamicHeight=1\"><\/iframe><br \/>\n<script>var d=document,w=\"https:\/\/tally.so\/widgets\/embed.js\",v=function(){\"undefined\"!=typeof Tally?Tally.loadEmbeds():d.querySelectorAll(\"iframe[data-tally-src]:not([src])\").forEach((function(e){e.src=e.dataset.tallySrc}))};if(\"undefined\"!=typeof Tally)v();else if(d.querySelector('script[src=\"'+w+'\"]')==null){var s=d.createElement(\"script\");s.src=w,s.onload=v,s.onerror=v,d.body.appendChild(s);}<\/script><\/p>\n\n        <\/div>\n    <\/div>\n<\/section>\n\n<section class=\"sec-faq l-small\" >\n    <div class=\"container\">\n            <div class=\"headline\">\n                <h2 >Besoin d&rsquo;aide ?<\/h2>\n                                        \n<a href=\"https:\/\/wa.me\/33602311519\" class=\"button superbutton\" target=\"_blank\" rel=\"noopener\">\n                        <div class=\"texts\">\n            <span class=\"hovering\">Contacte Coco ici<\/span>\n            <span class=\"text\">En cas d&rsquo;urgence<\/span>\n        <\/div>\n    \n            <i class=\"icon i-o-arrow-right\"><\/i>\n        <\/a>\n            <\/div>\n        <div class=\"faq-container\">\n                            <details class=\"item card card-faq\">\n                    <summary class=\"question h3\">\n                        Je ne connais pas la date de publication exacte\n                        <i class=\"icon s1 i-o-chevron-up\"><\/i>\n                    <\/summary>\n                    <div class=\"answer\">\n                        <p>Quand tu renseignes la date de sortie r\u00e9elle de ta vid\u00e9o, cela nous aide \u00e0 nous organiser.<\/p>\n<p>Nous pr\u00e9voyons toujours une marge pour livrer la miniature plusieurs jours avant.<\/p>\n<p>Si tu ne connais pas la date exacte, indique alors la date maximale souhait\u00e9e. Nous l\u2019utiliserons pour notre planning interne.<\/p>\n\n                    <\/div>\n                <\/details>\n                            <details class=\"item card card-faq\">\n                    <summary class=\"question h3\">\n                        Dois-je fournir le nom exact de ma cha\u00eene YouTube ?\n                        <i class=\"icon s1 i-o-chevron-up\"><\/i>\n                    <\/summary>\n                    <div class=\"answer\">\n                        <p>Oui, pour la premi\u00e8re fois, cela nous permettra de relier ton e-mail (celui avec lequel tu as pass\u00e9 commande) \u00e0 ta cha\u00eene YouTube.<\/p>\n<p>Si tu nous fais travailler pour plusieurs cha\u00eenes, nous te recommandons de la pr\u00e9ciser \u00e0 chaque fois.<\/p>\n\n                    <\/div>\n                <\/details>\n                            <details class=\"item card card-faq\">\n                    <summary class=\"question h3\">\n                        Comment partager des exemples de miniatures que j\u2019aime ?\n                        <i class=\"icon s1 i-o-chevron-up\"><\/i>\n                    <\/summary>\n                    <div class=\"answer\">\n                        <p>Le dernier champ du formulaire est d\u00e9di\u00e9 aux informations annexes. Sens-toi libre de nous partager des liens vers des photos et\/ou vid\u00e9os.<\/p>\n\n                    <\/div>\n                <\/details>\n                            <details class=\"item card card-faq\">\n                    <summary class=\"question h3\">\n                        Quelle longueur doit avoir le texte de la miniature ?\n                        <i class=\"icon s1 i-o-chevron-up\"><\/i>\n                    <\/summary>\n                    <div class=\"answer\">\n                        <p>Il y a deux fa\u00e7ons de voir les choses. Parfois, il ne faut pas de texte : c\u2019est la sc\u00e8ne qui parle d\u2019elle-m\u00eame.<\/p>\n<p>Mais dans certains cas, pour une miniature vraiment impactante, un texte est n\u00e9cessaire. Il doit \u00eatre court et percutant : 3 \u00e0 6 mots maximum pour rester lisible sur tous les \u00e9crans.<\/p>\n\n                    <\/div>\n                <\/details>\n                            <details class=\"item card card-faq\">\n                    <summary class=\"question h3\">\n                        Que se passe-t-il apr\u00e8s l\u2019envoi du formulaire ?\n                        <i class=\"icon s1 i-o-chevron-up\"><\/i>\n                    <\/summary>\n                    <div class=\"answer\">\n                        <p>Notre \u00e9quipe te contactera via ton e-mail ou ton num\u00e9ro pour confirmer les d\u00e9tails et r\u00e9pondre \u00e0 tes questions.<\/p>\n<p>La meilleure option reste WhatsApp : on t\u2019enverra les brouillons avec un vocal d\u2019explications, tu pourras nous dire la piste que tu veux suivre, et nous t\u2019enverrons tout l\u00e0-bas. On privil\u00e9gie la verticalit\u00e9 pour \u00e9viter toute lourdeur administrative.<\/p>\n<p>Ta seule t\u00e2che est de bien remplir le formulaire, cela nous \u00e9vitera de te harceler de questions.<\/p>\n\n                    <\/div>\n                <\/details>\n                            <details class=\"item card card-faq\">\n                    <summary class=\"question h3\">\n                        Puis-je modifier mes r\u00e9ponses apr\u00e8s avoir soumis le formulaire ?\n                        <i class=\"icon s1 i-o-chevron-up\"><\/i>\n                    <\/summary>\n                    <div class=\"answer\">\n                        <p>Bien-s\u00fbr ! Si n\u00e9cessaire, contacte-nous directement et nous mettrons \u00e0 jour tes informations. Un vocal suffira et les \u00e9quipes auront ton update.<\/p>\n\n                    <\/div>\n                <\/details>\n                            <details class=\"item card card-faq\">\n                    <summary class=\"question h3\">\n                        Et si je ne remplis pas tout ?\n                        <i class=\"icon s1 i-o-chevron-up\"><\/i>\n                    <\/summary>\n                    <div class=\"answer\">\n                        <p>Certains champs ne sont pas obligatoires. Mais dis-toi que plus tu nous donnes d\u2019infos, plus on visera juste. S\u2019il manque des choses, ne t\u2019en fais pas : nous te contacterons directement et on ira extraire ce qu\u2019il faut savoir de ton cerveau. Promis, on n\u2019\u00e9talera pas ce dernier sur ta miniature !<\/p>\n\n                    <\/div>\n                <\/details>\n                    <\/div>\n        <script type=\"application\/ld+json\">\n        {\n        \"@context\": \"https:\/\/schema.org\",\n        \"@type\": \"FAQPage\",\n        \"mainEntity\": [\n                        {\n            \"@type\": \"Question\",\n            \"name\": \"Je ne connais pas la date de publication exacte\",\n            \"acceptedAnswer\": {\n                \"@type\": \"Answer\",\n                \"text\": \"Quand tu renseignes la date de sortie r\u00e9elle de ta vid\u00e9o, cela nous aide \u00e0 nous organiser. Nous pr\u00e9voyons toujours une marge pour livrer la miniature plusieurs jours avant. Si tu ne connais pas la date exacte, indique alors la date maximale souhait\u00e9e. Nous l'utiliserons pour notre planning interne.\"\n            }\n            },                        {\n            \"@type\": \"Question\",\n            \"name\": \"Dois-je fournir le nom exact de ma cha\u00eene YouTube ?\",\n            \"acceptedAnswer\": {\n                \"@type\": \"Answer\",\n                \"text\": \"Oui, pour la premi\u00e8re fois, cela nous permettra de relier ton e-mail (celui avec lequel tu as pass\u00e9 commande) \u00e0 ta cha\u00eene YouTube. Si tu nous fais travailler pour plusieurs cha\u00eenes, nous te recommandons de la pr\u00e9ciser \u00e0 chaque fois.\"\n            }\n            },                        {\n            \"@type\": \"Question\",\n            \"name\": \"Comment partager des exemples de miniatures que j'aime ?\",\n            \"acceptedAnswer\": {\n                \"@type\": \"Answer\",\n                \"text\": \"Le dernier champ du formulaire est d\u00e9di\u00e9 aux informations annexes. Sens-toi libre de nous partager des liens vers des photos et\/ou vid\u00e9os.\"\n            }\n            },                        {\n            \"@type\": \"Question\",\n            \"name\": \"Quelle longueur doit avoir le texte de la miniature ?\",\n            \"acceptedAnswer\": {\n                \"@type\": \"Answer\",\n                \"text\": \"Il y a deux fa\u00e7ons de voir les choses. Parfois, il ne faut pas de texte : c'est la sc\u00e8ne qui parle d'elle-m\u00eame. Mais dans certains cas, pour une miniature vraiment impactante, un texte est n\u00e9cessaire. Il doit \u00eatre court et percutant : 3 \u00e0 6 mots maximum pour rester lisible sur tous les \u00e9crans.\"\n            }\n            },                        {\n            \"@type\": \"Question\",\n            \"name\": \"Que se passe-t-il apr\u00e8s l'envoi du formulaire ?\",\n            \"acceptedAnswer\": {\n                \"@type\": \"Answer\",\n                \"text\": \"Notre \u00e9quipe te contactera via ton e-mail ou ton num\u00e9ro pour confirmer les d\u00e9tails et r\u00e9pondre \u00e0 tes questions. La meilleure option reste WhatsApp : on t'enverra les brouillons avec un vocal d'explications, tu pourras nous dire la piste que tu veux suivre, et nous t'enverrons tout l\u00e0-bas. On privil\u00e9gie la verticalit\u00e9 pour \u00e9viter toute lourdeur administrative. Ta seule t\u00e2che est de bien remplir le formulaire, cela nous \u00e9vitera de te harceler de questions.\"\n            }\n            },                        {\n            \"@type\": \"Question\",\n            \"name\": \"Puis-je modifier mes r\u00e9ponses apr\u00e8s avoir soumis le formulaire ?\",\n            \"acceptedAnswer\": {\n                \"@type\": \"Answer\",\n                \"text\": \"Bien-s\u00fbr ! Si n\u00e9cessaire, contacte-nous directement et nous mettrons \u00e0 jour tes informations. Un vocal suffira et les \u00e9quipes auront ton update.\"\n            }\n            },                        {\n            \"@type\": \"Question\",\n            \"name\": \"Et si je ne remplis pas tout ?\",\n            \"acceptedAnswer\": {\n                \"@type\": \"Answer\",\n                \"text\": \"Certains champs ne sont pas obligatoires. Mais dis-toi que plus tu nous donnes d'infos, plus on visera juste. S'il manque des choses, ne t'en fais pas : nous te contacterons directement et on ira extraire ce qu'il faut savoir de ton cerveau. Promis, on n'\u00e9talera pas ce dernier sur ta miniature !\"\n            }\n            }                    ]\n        }\n        <\/script>\n    <\/div>\n<\/section>","protected":false},"excerpt":{"rendered":"","protected":false},"author":1,"featured_media":0,"parent":0,"menu_order":0,"comment_status":"closed","ping_status":"closed","template":"","meta":{"_acf_changed":false,"footnotes":""},"class_list":["post-76","page","type-page","status-publish","hentry"],"acf":[],"_links":{"self":[{"href":"https:\/\/thumbnailfactory.net\/en\/wp-json\/wp\/v2\/pages\/76","targetHints":{"allow":["GET"]}}],"collection":[{"href":"https:\/\/thumbnailfactory.net\/en\/wp-json\/wp\/v2\/pages"}],"about":[{"href":"https:\/\/thumbnailfactory.net\/en\/wp-json\/wp\/v2\/types\/page"}],"author":[{"embeddable":true,"href":"https:\/\/thumbnailfactory.net\/en\/wp-json\/wp\/v2\/users\/1"}],"replies":[{"embeddable":true,"href":"https:\/\/thumbnailfactory.net\/en\/wp-json\/wp\/v2\/comments?post=76"}],"version-history":[{"count":17,"href":"https:\/\/thumbnailfactory.net\/en\/wp-json\/wp\/v2\/pages\/76\/revisions"}],"predecessor-version":[{"id":95,"href":"https:\/\/thumbnailfactory.net\/en\/wp-json\/wp\/v2\/pages\/76\/revisions\/95"}],"wp:attachment":[{"href":"https:\/\/thumbnailfactory.net\/en\/wp-json\/wp\/v2\/media?parent=76"}],"curies":[{"name":"wp","href":"https:\/\/api.w.org\/{rel}","templated":true}]}}